{"id":3694,"date":"2022-10-03T00:18:32","date_gmt":"2022-10-02T22:18:32","guid":{"rendered":"https:\/\/monteparra.controlv.es\/?post_type=product&#038;p=3694"},"modified":"2025-10-12T20:17:49","modified_gmt":"2025-10-12T18:17:49","slug":"producto-demo-2","status":"publish","type":"product","link":"https:\/\/www.monteparra.com\/tienda\/producto\/producto-demo-2\/","title":{"rendered":"Jamonero Giratorio \u00abSalamanca\u00bb"},"content":{"rendered":"<p>Soporte Jamonero Giratorio de dise\u00f1o que permite darle la vuelta al jam\u00f3n sin soltarlo de la sujeci\u00f3n superior.<\/p>\n<p>Fabricado en madera procedente de manejo forestal responsable FSC SW-COC-003427 y en acero inoxidable y hierro laminado.<\/p>\n<p>Pintado con laca de poliuretano. Cromo-n\u00edquel.<\/p>\n<p>&nbsp;<\/p>\n","protected":false},"excerpt":{"rendered":"<p>Mantenimiento del Soporte Jamonero Giratorio: Limpiar con un pa\u00f1o humedecido con detergente no abrasivo. Aclarar con pa\u00f1o h\u00famedo y secar inmediatamente. No sumergir en agua.<\/p>\n","protected":false},"featured_media":3879,"template":"","meta":[],"product_brand":[],"product_cat":[60],"product_tag":[],"class_list":{"0":"post-3694","1":"product","2":"type-product","3":"status-publish","4":"has-post-thumbnail","6":"product_cat-accesorios","8":"first","9":"outofstock","10":"taxable","11":"shipping-taxable","12":"purchasable","13":"product-type-simple"},"_links":{"self":[{"href":"https:\/\/www.monteparra.com\/tienda\/wp-json\/wp\/v2\/product\/3694","targetHints":{"allow":["GET"]}}],"collection":[{"href":"https:\/\/www.monteparra.com\/tienda\/wp-json\/wp\/v2\/product"}],"about":[{"href":"https:\/\/www.monteparra.com\/tienda\/wp-json\/wp\/v2\/types\/product"}],"wp:featuredmedia":[{"embeddable":true,"href":"https:\/\/www.monteparra.com\/tienda\/wp-json\/wp\/v2\/media\/3879"}],"wp:attachment":[{"href":"https:\/\/www.monteparra.com\/tienda\/wp-json\/wp\/v2\/media?parent=3694"}],"wp:term":[{"taxonomy":"product_brand","embeddable":true,"href":"https:\/\/www.monteparra.com\/tienda\/wp-json\/wp\/v2\/product_brand?post=3694"},{"taxonomy":"product_cat","embeddable":true,"href":"https:\/\/www.monteparra.com\/tienda\/wp-json\/wp\/v2\/product_cat?post=3694"},{"taxonomy":"product_tag","embeddable":true,"href":"https:\/\/www.monteparra.com\/tienda\/wp-json\/wp\/v2\/product_tag?post=3694"}],"curies":[{"name":"wp","href":"https:\/\/api.w.org\/{rel}","templated":true}]}}