{"id":4022,"date":"2022-10-13T11:56:04","date_gmt":"2022-10-13T09:56:04","guid":{"rendered":"https:\/\/monteparra.controlv.es\/?post_type=product&#038;p=4022"},"modified":"2025-10-12T20:41:16","modified_gmt":"2025-10-12T18:41:16","slug":"paleta-de-cebo-iberica-50-raza-iberica","status":"publish","type":"product","link":"https:\/\/www.monteparra.com\/tienda\/producto\/paleta-de-cebo-iberica-50-raza-iberica\/","title":{"rendered":"Paleta de Cebo Ib\u00e9rica &#8211; 50% Raza Ib\u00e9rica"},"content":{"rendered":"<p>Alimentaci\u00f3n basada en una selecci\u00f3n de los mejores piensos. Jugosidad e intensidad de sabor prevalecen en el paladar.<\/p>\n<p><strong>MODO DE PREPARACI\u00d3N \u00abCORTADA A M\u00c1QUINA\u00bb &#8211; Entrega en sobres al vac\u00edo de 100g\/u: <\/strong>17 Sobres (paletas de 4-5 kg) \/\u00a0 20 Sobres (paletas de 5-6 kg)<\/p>\n","protected":false},"excerpt":{"rendered":"<p><strong>INGREDIENTES: <\/strong>Paleta de cerdo ib\u00e9rico, sal y conservadores E-250.<\/p>\n<p><strong>CONDICIONES DE CONSERVACI\u00d3N: <\/strong>Cons\u00e9rvese en un lugar seco a temperatura ambiente (Aprox. 20\u00baC)<\/p>\n<p><strong>AL\u00c9RGENOS: <\/strong>Ninguno. Sin lactosa<\/p>\n<p><strong>INFORMACI\u00d3N NUTRICIONAL. <\/strong>Valores medios por 100g de producto<\/p>\n<p><strong>Valor Energ\u00e9tico: 2106 kj \/ 509 kcal<\/strong><\/p>\n<p><strong>Grasas: 45,8 g.<\/strong><\/p>\n<p>De las cuales <strong>saturadas: 17 g.<\/strong><\/p>\n<p><strong>Hidratos de carbono: &lt;0,5 g.<\/strong><\/p>\n<p><strong>\u00a0<\/strong>De los cuales<strong> az\u00facares: &lt;0,5 g.<\/strong><\/p>\n<p><strong>Prote\u00ednas: 24,2 g.<\/strong><\/p>\n<p><strong>Sal: 4,0 g.<\/strong><\/p>\n","protected":false},"featured_media":4175,"template":"","meta":[],"product_brand":[],"product_cat":[56],"product_tag":[],"class_list":{"0":"post-4022","1":"product","2":"type-product","3":"status-publish","4":"has-post-thumbnail","6":"product_cat-jamones-y-paletas","8":"first","9":"instock","10":"taxable","11":"shipping-taxable","12":"purchasable","13":"product-type-variable"},"_links":{"self":[{"href":"https:\/\/www.monteparra.com\/tienda\/wp-json\/wp\/v2\/product\/4022","targetHints":{"allow":["GET"]}}],"collection":[{"href":"https:\/\/www.monteparra.com\/tienda\/wp-json\/wp\/v2\/product"}],"about":[{"href":"https:\/\/www.monteparra.com\/tienda\/wp-json\/wp\/v2\/types\/product"}],"wp:featuredmedia":[{"embeddable":true,"href":"https:\/\/www.monteparra.com\/tienda\/wp-json\/wp\/v2\/media\/4175"}],"wp:attachment":[{"href":"https:\/\/www.monteparra.com\/tienda\/wp-json\/wp\/v2\/media?parent=4022"}],"wp:term":[{"taxonomy":"product_brand","embeddable":true,"href":"https:\/\/www.monteparra.com\/tienda\/wp-json\/wp\/v2\/product_brand?post=4022"},{"taxonomy":"product_cat","embeddable":true,"href":"https:\/\/www.monteparra.com\/tienda\/wp-json\/wp\/v2\/product_cat?post=4022"},{"taxonomy":"product_tag","embeddable":true,"href":"https:\/\/www.monteparra.com\/tienda\/wp-json\/wp\/v2\/product_tag?post=4022"}],"curies":[{"name":"wp","href":"https:\/\/api.w.org\/{rel}","templated":true}]}}