{"id":4042,"date":"2022-10-13T12:37:00","date_gmt":"2022-10-13T10:37:00","guid":{"rendered":"https:\/\/monteparra.controlv.es\/?post_type=product&#038;p=4042"},"modified":"2025-10-12T20:09:36","modified_gmt":"2025-10-12T18:09:36","slug":"salchichon-iberico-de-bellota","status":"publish","type":"product","link":"https:\/\/www.monteparra.com\/tienda\/producto\/salchichon-iberico-de-bellota\/","title":{"rendered":"Salchich\u00f3n Ib\u00e9rico de Bellota"},"content":{"rendered":"<p>Nuestro salchich\u00f3n Ib\u00e9rico de Bellota Monteparra tiene un sabor inconfundible que le confieren las especias como la pimienta negra y una palatabilidad impecable y untuosa. Podemos sentir el tacto oleoso de las Bellotas en cada bocado. Embutido en tripa natural, en nuestras bodegas pasa por un proceso de desecaci\u00f3n y curaci\u00f3n.Se puede tomar en lonchas o en tacos dejando orear unos minutos antes de consumir.<\/p>\n<p><strong>Peso aproximado por pieza:<\/strong>\u00a00,9 \u2013 1,1kg<\/p>\n<p><strong>Opci\u00f3n \u00abpieza loncheada\u00bb:<\/strong> 9 sobres al vac\u00edo de 100g\/u<\/p>\n","protected":false},"excerpt":{"rendered":"<p><strong>INGREDIENTES: <\/strong>Carne y grasa de cerdo, sal, dextrina, especias, dextrosa, emulgente (E-450), corrector de acidez (E-301, E-331) y conservadores (E-250, E-252)<\/p>\n<p><strong>CONDICIONES DE CONSERVACI\u00d3N: <\/strong>Cons\u00e9rvese en un lugar fresco y seco<\/p>\n<p><strong>AL\u00c9RGENOS: <\/strong>No contiene seg\u00fan Anexo II del Reglamento (UE) 1169\/2011<\/p>\n<p><strong>INFORMACI\u00d3N NUTRICIONAL. <\/strong>Valores medios por 100g de producto<\/p>\n<p><strong>Valor Energ\u00e9tico: 1775 kj \/ 428 kcal<\/strong><\/p>\n<p><strong>Grasas: 33,5 g.<\/strong><\/p>\n<p>De las cuales <strong>saturadas: 13,8 g.<\/strong><\/p>\n<p><strong>Hidratos de carbono: 1,8 g.<\/strong><\/p>\n<p><strong>\u00a0<\/strong>De los cuales<strong> az\u00facares: 1,2 g.<\/strong><\/p>\n<p><strong>Prote\u00ednas: 29,7 g.<\/strong><\/p>\n<p><strong>Sal: 6,9 g<\/strong><\/p>\n","protected":false},"featured_media":4203,"template":"","meta":[],"product_brand":[],"product_cat":[57],"product_tag":[],"class_list":{"0":"post-4042","1":"product","2":"type-product","3":"status-publish","4":"has-post-thumbnail","6":"product_cat-embutidos","8":"first","9":"instock","10":"taxable","11":"shipping-taxable","12":"purchasable","13":"product-type-variable"},"_links":{"self":[{"href":"https:\/\/www.monteparra.com\/tienda\/wp-json\/wp\/v2\/product\/4042","targetHints":{"allow":["GET"]}}],"collection":[{"href":"https:\/\/www.monteparra.com\/tienda\/wp-json\/wp\/v2\/product"}],"about":[{"href":"https:\/\/www.monteparra.com\/tienda\/wp-json\/wp\/v2\/types\/product"}],"wp:featuredmedia":[{"embeddable":true,"href":"https:\/\/www.monteparra.com\/tienda\/wp-json\/wp\/v2\/media\/4203"}],"wp:attachment":[{"href":"https:\/\/www.monteparra.com\/tienda\/wp-json\/wp\/v2\/media?parent=4042"}],"wp:term":[{"taxonomy":"product_brand","embeddable":true,"href":"https:\/\/www.monteparra.com\/tienda\/wp-json\/wp\/v2\/product_brand?post=4042"},{"taxonomy":"product_cat","embeddable":true,"href":"https:\/\/www.monteparra.com\/tienda\/wp-json\/wp\/v2\/product_cat?post=4042"},{"taxonomy":"product_tag","embeddable":true,"href":"https:\/\/www.monteparra.com\/tienda\/wp-json\/wp\/v2\/product_tag?post=4042"}],"curies":[{"name":"wp","href":"https:\/\/api.w.org\/{rel}","templated":true}]}}