{"id":4048,"date":"2022-10-13T12:42:36","date_gmt":"2022-10-13T10:42:36","guid":{"rendered":"https:\/\/monteparra.controlv.es\/?post_type=product&#038;p=4048"},"modified":"2025-12-14T09:21:51","modified_gmt":"2025-12-14T08:21:51","slug":"jamonero-giratorio-guijuelo","status":"publish","type":"product","link":"https:\/\/www.monteparra.com\/tienda\/producto\/jamonero-giratorio-guijuelo\/","title":{"rendered":"Jamonero Giratorio \u00abGuijuelo\u00bb"},"content":{"rendered":"<p>Soporte Jamonero Giratorio de dise\u00f1o que permite darle la vuelta al jam\u00f3n sin soltarlo de la sujeci\u00f3n superior gracias a su cabezal.<\/p>\n<p>Fabricado en madera procedente de manejo forestal responsable FSC SW-COC-003427 y en hierro laminado en caliente.<\/p>\n<p>Pintado con laca de poliuretano y partes cromadas. Pintura en polvo de poli\u00e9ster fundida a 200 \u00baC.<\/p>\n<p>&nbsp;<\/p>\n","protected":false},"excerpt":{"rendered":"<p>Mantenimiento del Soporte Jamonero Giratorio: Limpiar con un pa\u00f1o humedecido con detergente no abrasivo. Aclarar con pa\u00f1o h\u00famedo y secar inmediatamente. No sumergir en agua.<\/p>\n","protected":false},"featured_media":4165,"template":"","meta":[],"product_brand":[],"product_cat":[60],"product_tag":[],"class_list":{"0":"post-4048","1":"product","2":"type-product","3":"status-publish","4":"has-post-thumbnail","6":"product_cat-accesorios","8":"first","9":"outofstock","10":"taxable","11":"shipping-taxable","12":"purchasable","13":"product-type-simple"},"_links":{"self":[{"href":"https:\/\/www.monteparra.com\/tienda\/wp-json\/wp\/v2\/product\/4048","targetHints":{"allow":["GET"]}}],"collection":[{"href":"https:\/\/www.monteparra.com\/tienda\/wp-json\/wp\/v2\/product"}],"about":[{"href":"https:\/\/www.monteparra.com\/tienda\/wp-json\/wp\/v2\/types\/product"}],"wp:featuredmedia":[{"embeddable":true,"href":"https:\/\/www.monteparra.com\/tienda\/wp-json\/wp\/v2\/media\/4165"}],"wp:attachment":[{"href":"https:\/\/www.monteparra.com\/tienda\/wp-json\/wp\/v2\/media?parent=4048"}],"wp:term":[{"taxonomy":"product_brand","embeddable":true,"href":"https:\/\/www.monteparra.com\/tienda\/wp-json\/wp\/v2\/product_brand?post=4048"},{"taxonomy":"product_cat","embeddable":true,"href":"https:\/\/www.monteparra.com\/tienda\/wp-json\/wp\/v2\/product_cat?post=4048"},{"taxonomy":"product_tag","embeddable":true,"href":"https:\/\/www.monteparra.com\/tienda\/wp-json\/wp\/v2\/product_tag?post=4048"}],"curies":[{"name":"wp","href":"https:\/\/api.w.org\/{rel}","templated":true}]}}