{"id":4050,"date":"2022-10-13T12:44:27","date_gmt":"2022-10-13T10:44:27","guid":{"rendered":"https:\/\/monteparra.controlv.es\/?post_type=product&#038;p=4050"},"modified":"2025-12-14T09:22:19","modified_gmt":"2025-12-14T08:22:19","slug":"jamonero-giratorio-campillo","status":"publish","type":"product","link":"https:\/\/www.monteparra.com\/tienda\/producto\/jamonero-giratorio-campillo\/","title":{"rendered":"Jamonero Giratorio \u00abCampillo\u00bb"},"content":{"rendered":"<p>S\u00f3lido Jamonero para mantener el jam\u00f3n estable durante su corte.<\/p>\n<p>Fabricado en fibra MDF y en hierro laminado caliente.<\/p>\n<p>Pintado con laca de poliuretano y con pintura en polvo de poli\u00e9ster fundida a 200 \u00baC.<\/p>\n<p>&nbsp;<\/p>\n","protected":false},"excerpt":{"rendered":"<p>Mantenimiento del Soporte Jamonero: Limpiar con un pa\u00f1o humedecido con detergente no abrasivo. Aclarar con pa\u00f1o h\u00famedo y secar inmediatamente. No sumergir en agua.<\/p>\n","protected":false},"featured_media":4164,"template":"","meta":[],"product_brand":[],"product_cat":[60],"product_tag":[],"class_list":{"0":"post-4050","1":"product","2":"type-product","3":"status-publish","4":"has-post-thumbnail","6":"product_cat-accesorios","8":"first","9":"outofstock","10":"taxable","11":"shipping-taxable","12":"purchasable","13":"product-type-simple"},"_links":{"self":[{"href":"https:\/\/www.monteparra.com\/tienda\/wp-json\/wp\/v2\/product\/4050","targetHints":{"allow":["GET"]}}],"collection":[{"href":"https:\/\/www.monteparra.com\/tienda\/wp-json\/wp\/v2\/product"}],"about":[{"href":"https:\/\/www.monteparra.com\/tienda\/wp-json\/wp\/v2\/types\/product"}],"wp:featuredmedia":[{"embeddable":true,"href":"https:\/\/www.monteparra.com\/tienda\/wp-json\/wp\/v2\/media\/4164"}],"wp:attachment":[{"href":"https:\/\/www.monteparra.com\/tienda\/wp-json\/wp\/v2\/media?parent=4050"}],"wp:term":[{"taxonomy":"product_brand","embeddable":true,"href":"https:\/\/www.monteparra.com\/tienda\/wp-json\/wp\/v2\/product_brand?post=4050"},{"taxonomy":"product_cat","embeddable":true,"href":"https:\/\/www.monteparra.com\/tienda\/wp-json\/wp\/v2\/product_cat?post=4050"},{"taxonomy":"product_tag","embeddable":true,"href":"https:\/\/www.monteparra.com\/tienda\/wp-json\/wp\/v2\/product_tag?post=4050"}],"curies":[{"name":"wp","href":"https:\/\/api.w.org\/{rel}","templated":true}]}}