{"id":4052,"date":"2022-10-13T12:47:03","date_gmt":"2022-10-13T10:47:03","guid":{"rendered":"https:\/\/monteparra.controlv.es\/?post_type=product&#038;p=4052"},"modified":"2025-10-12T20:17:25","modified_gmt":"2025-10-12T18:17:25","slug":"cuchillos-con-estuche-de-madera","status":"publish","type":"product","link":"https:\/\/www.monteparra.com\/tienda\/producto\/cuchillos-con-estuche-de-madera\/","title":{"rendered":"Cuchillos Profesionales con Estuche de Madera"},"content":{"rendered":"<p>Lo primero de todo ser\u00e1 preparar, limpiar y pelar el jam\u00f3n. Para ello, habr\u00e1 que utilizar un cuchillo r\u00edgido y de hoja ancha.<\/p>\n<p>Es el llamado <strong>cuchillo carnicero o cebollero <\/strong>y servir\u00e1 para retirar la piel y la grasa exterior del jam\u00f3n ib\u00e9rico.<\/p>\n<p>Necesitaremos tambi\u00e9n un <strong>cuchillo franc\u00e9s o tambi\u00e9n llamado puntilla de hoja dura <\/strong>y con punta para el perfilado de los huesos.<\/p>\n<p>A continuaci\u00f3n, habr\u00e1 que elegir el <strong>cuchillo propiamente jamonero<\/strong>. En el mercado los hay de diferente longitudes y flexibilidades.<\/p>\n<p>&nbsp;<\/p>\n","protected":false},"excerpt":{"rendered":"<p>Lo primero de todo ser\u00e1 preparar, limpiar y pelar el [&hellip;]<\/p>\n","protected":false},"featured_media":4162,"template":"","meta":[],"product_brand":[],"product_cat":[60],"product_tag":[],"class_list":{"0":"post-4052","1":"product","2":"type-product","3":"status-publish","4":"has-post-thumbnail","6":"product_cat-accesorios","8":"first","9":"outofstock","10":"taxable","11":"shipping-taxable","12":"purchasable","13":"product-type-simple"},"_links":{"self":[{"href":"https:\/\/www.monteparra.com\/tienda\/wp-json\/wp\/v2\/product\/4052","targetHints":{"allow":["GET"]}}],"collection":[{"href":"https:\/\/www.monteparra.com\/tienda\/wp-json\/wp\/v2\/product"}],"about":[{"href":"https:\/\/www.monteparra.com\/tienda\/wp-json\/wp\/v2\/types\/product"}],"wp:featuredmedia":[{"embeddable":true,"href":"https:\/\/www.monteparra.com\/tienda\/wp-json\/wp\/v2\/media\/4162"}],"wp:attachment":[{"href":"https:\/\/www.monteparra.com\/tienda\/wp-json\/wp\/v2\/media?parent=4052"}],"wp:term":[{"taxonomy":"product_brand","embeddable":true,"href":"https:\/\/www.monteparra.com\/tienda\/wp-json\/wp\/v2\/product_brand?post=4052"},{"taxonomy":"product_cat","embeddable":true,"href":"https:\/\/www.monteparra.com\/tienda\/wp-json\/wp\/v2\/product_cat?post=4052"},{"taxonomy":"product_tag","embeddable":true,"href":"https:\/\/www.monteparra.com\/tienda\/wp-json\/wp\/v2\/product_tag?post=4052"}],"curies":[{"name":"wp","href":"https:\/\/api.w.org\/{rel}","templated":true}]}}