{"id":4115,"date":"2022-10-13T17:11:46","date_gmt":"2022-10-13T15:11:46","guid":{"rendered":"https:\/\/monteparra.controlv.es\/?post_type=product&#038;p=4115"},"modified":"2025-11-24T09:53:56","modified_gmt":"2025-11-24T08:53:56","slug":"jamon-de-cebo-iberico-50-raza-iberica-2","status":"publish","type":"product","link":"https:\/\/www.monteparra.com\/tienda\/producto\/jamon-de-cebo-iberico-50-raza-iberica-2\/","title":{"rendered":"Jam\u00f3n de Cebo Ib\u00e9rico &#8211; 50% Raza Ib\u00e9rica &#8211; Cuchillo"},"content":{"rendered":"<p>Alimentaci\u00f3n basada en una selecci\u00f3n de los mejores piensos. Su aroma y dulzura hace den cada pieza un manjar para deleitar el paladar de los amantes del ib\u00e9rico.<\/p>\n<p>Sobre de 100g &#8211; Cortado a Cuchillo<\/p>\n","protected":false},"excerpt":{"rendered":"<p><strong>INGREDIENTES: <\/strong>Jam\u00f3n de cerdo ib\u00e9rico, sal y conservadores E-250.<\/p>\n<p><strong>CONDICIONES DE CONSERVACI\u00d3N: <\/strong>Cons\u00e9rvese en un lugar seco a temperatura ambiente (Aprox. 20\u00baC)<\/p>\n<p><strong>AL\u00c9RGENOS: <\/strong>Ninguno. Sin lactosa<\/p>\n<p><strong>INFORMACI\u00d3N NUTRICIONAL: <\/strong>Valores medios por 100g de producto<\/p>\n<p><strong>Valor Energ\u00e9tico: 1510 kj \/ 363 kcal<\/strong><\/p>\n<p><strong>Grasas: 25,6 g.<\/strong><\/p>\n<p>De las cuales <strong>saturadas: 8,2 g.<\/strong><\/p>\n<p><strong>Hidratos de carbono: &lt;0,5 g.<\/strong><\/p>\n<p><strong>\u00a0<\/strong>De los cuales<strong> az\u00facares: &lt;0,5 g.<\/strong><\/p>\n<p><strong>Prote\u00ednas: 33,1 g.<\/strong><\/p>\n<p><strong>Sal: 5,40 g.<\/strong><\/p>\n","protected":false},"featured_media":4386,"template":"","meta":[],"product_brand":[],"product_cat":[58],"product_tag":[],"class_list":{"0":"post-4115","1":"product","2":"type-product","3":"status-publish","4":"has-post-thumbnail","6":"product_cat-loncheados","8":"first","9":"instock","10":"taxable","11":"shipping-taxable","12":"purchasable","13":"product-type-simple"},"_links":{"self":[{"href":"https:\/\/www.monteparra.com\/tienda\/wp-json\/wp\/v2\/product\/4115","targetHints":{"allow":["GET"]}}],"collection":[{"href":"https:\/\/www.monteparra.com\/tienda\/wp-json\/wp\/v2\/product"}],"about":[{"href":"https:\/\/www.monteparra.com\/tienda\/wp-json\/wp\/v2\/types\/product"}],"wp:featuredmedia":[{"embeddable":true,"href":"https:\/\/www.monteparra.com\/tienda\/wp-json\/wp\/v2\/media\/4386"}],"wp:attachment":[{"href":"https:\/\/www.monteparra.com\/tienda\/wp-json\/wp\/v2\/media?parent=4115"}],"wp:term":[{"taxonomy":"product_brand","embeddable":true,"href":"https:\/\/www.monteparra.com\/tienda\/wp-json\/wp\/v2\/product_brand?post=4115"},{"taxonomy":"product_cat","embeddable":true,"href":"https:\/\/www.monteparra.com\/tienda\/wp-json\/wp\/v2\/product_cat?post=4115"},{"taxonomy":"product_tag","embeddable":true,"href":"https:\/\/www.monteparra.com\/tienda\/wp-json\/wp\/v2\/product_tag?post=4115"}],"curies":[{"name":"wp","href":"https:\/\/api.w.org\/{rel}","templated":true}]}}