{"id":4271,"date":"2023-01-31T12:09:24","date_gmt":"2023-01-31T11:09:24","guid":{"rendered":"https:\/\/www.monteparra.com\/tienda\/?post_type=product&#038;p=4271"},"modified":"2025-10-12T20:28:26","modified_gmt":"2025-10-12T18:28:26","slug":"estuche-loncheado-parra","status":"publish","type":"product","link":"https:\/\/www.monteparra.com\/tienda\/producto\/estuche-loncheado-parra\/","title":{"rendered":"Malet\u00edn Loncheado \u00abParra\u00bb"},"content":{"rendered":"<p><strong>Cada Pack contiene 10 sobres (100g\/u al vac\u00edo):\u00a0<\/strong><\/p>\n<p>3 sobres de Jam\u00f3n de Cebo Ib\u00e9rico 50% Raza Ib\u00e9rica<br \/>\n3 sobres de Lomo de Cebo Ib\u00e9rico 50% Raza Ib\u00e9rica<br \/>\n2 sobres de Chorizo Ib\u00e9rico de Bellota<br \/>\n2 sobres de Salchich\u00f3n Ib\u00e9rico de Bellota<\/p>\n<p>&nbsp;<\/p>\n","protected":false},"excerpt":{"rendered":"<p>Puede consultar los INGREDIENTES, los AL\u00c9RGENOS, las CONDICIONES DE CONSERVACI\u00d3N y los\u00a0 VALORES NUTRICIONALES de los productos incluidos en el apartado JAMONES y PALETAS y\/o EMBUTIDOS<\/p>\n","protected":false},"featured_media":4282,"template":"","meta":[],"product_brand":[],"product_cat":[59],"product_tag":[],"class_list":{"0":"post-4271","1":"product","2":"type-product","3":"status-publish","4":"has-post-thumbnail","6":"product_cat-packs","8":"first","9":"instock","10":"taxable","11":"shipping-taxable","12":"purchasable","13":"product-type-simple"},"_links":{"self":[{"href":"https:\/\/www.monteparra.com\/tienda\/wp-json\/wp\/v2\/product\/4271","targetHints":{"allow":["GET"]}}],"collection":[{"href":"https:\/\/www.monteparra.com\/tienda\/wp-json\/wp\/v2\/product"}],"about":[{"href":"https:\/\/www.monteparra.com\/tienda\/wp-json\/wp\/v2\/types\/product"}],"wp:featuredmedia":[{"embeddable":true,"href":"https:\/\/www.monteparra.com\/tienda\/wp-json\/wp\/v2\/media\/4282"}],"wp:attachment":[{"href":"https:\/\/www.monteparra.com\/tienda\/wp-json\/wp\/v2\/media?parent=4271"}],"wp:term":[{"taxonomy":"product_brand","embeddable":true,"href":"https:\/\/www.monteparra.com\/tienda\/wp-json\/wp\/v2\/product_brand?post=4271"},{"taxonomy":"product_cat","embeddable":true,"href":"https:\/\/www.monteparra.com\/tienda\/wp-json\/wp\/v2\/product_cat?post=4271"},{"taxonomy":"product_tag","embeddable":true,"href":"https:\/\/www.monteparra.com\/tienda\/wp-json\/wp\/v2\/product_tag?post=4271"}],"curies":[{"name":"wp","href":"https:\/\/api.w.org\/{rel}","templated":true}]}}